{"id":379,"date":"2025-03-21T08:11:50","date_gmt":"2025-03-21T08:11:50","guid":{"rendered":"https:\/\/elbchai.com\/?page_id=379"},"modified":"2025-03-21T08:11:50","modified_gmt":"2025-03-21T08:11:50","slug":"faqs","status":"publish","type":"page","link":"https:\/\/elbchai.com\/de\/faqs\/","title":{"rendered":"FAQs"},"content":{"rendered":"<div id=\"fws_69e10cedb3db5\"  data-column-margin=\"default\" data-midnight=\"dark\"  class=\"wpb_row vc_row-fluid vc_row\"  style=\"padding-top: 0px; padding-bottom: 0px; \"><div class=\"row-bg-wrap\" data-bg-animation=\"none\" data-bg-animation-delay=\"\" data-bg-overlay=\"false\"><div class=\"inner-wrap row-bg-layer\" ><div class=\"row-bg viewport-desktop\"  style=\"\"><\/div><\/div><\/div><div class=\"row_col_wrap_12 col span_12 dark left\">\n\t<div  class=\"vc_col-sm-12 wpb_column column_container vc_column_container col no-extra-padding inherit_tablet inherit_phone\"  data-padding-pos=\"all\" data-has-bg-color=\"false\" data-bg-color=\"\" data-bg-opacity=\"1\" data-animation=\"\" data-delay=\"0\" >\n\t\t<div class=\"vc_column-inner\" >\n\t\t\t<div class=\"wpb_wrapper\">\n\t\t\t\t\n\t<div class=\"wpb_raw_code wpb_raw_html wpb_content_element\" >\n\t\t<div class=\"wpb_wrapper\">\n\t\t\t<style>#sp-ea-461 .spcollapsing { height: 0; overflow: hidden; transition-property: height;transition-duration: 300ms;}.sp-easy-accordion-enabled .eap_section_title_461, body .eap_section_title_461 { color: #ffffff; margin-bottom:  30px; }#sp-ea-461.sp-easy-accordion>.sp-ea-single {margin-bottom: 10px; border: 0px solid #e2e2e2; }#sp-ea-461.sp-easy-accordion>.sp-ea-single>.ea-header a {color: #ffffff;}#sp-ea-461.sp-easy-accordion>.sp-ea-single>.sp-collapse>.ea-body {background: #020420; color: #ffffff;}#sp-ea-461.sp-easy-accordion>.sp-ea-single {background: #434dad;}#sp-ea-461.sp-easy-accordion>.sp-ea-single>.ea-header a .ea-expand-icon { float: left; color: #ffffff;font-size: 16px;}<\/style><h2 class=\"eap_section_title eap_section_title_461\">FAQ \u2013 H\u00e4ufig gestellte Fragen zu elbchAI<\/h2><div id=\"sp_easy_accordion-1742295007\"><div id=\"sp-ea-461\" class=\"sp-ea-one sp-easy-accordion\" data-ea-active=\"ea-click\" data-ea-mode=\"vertical\" data-preloader=\"\" data-scroll-active-item=\"\" data-offset-to-scroll=\"0\"><div class=\"ea-card sp-ea-single\"><h3 class=\"ea-header\"><a class=\"collapsed\" id=\"ea-header-4610\" role=\"button\" data-sptoggle=\"spcollapse\" data-sptarget=\"#collapse4610\" aria-controls=\"collapse4610\" href=\"#\" aria-expanded=\"false\" tabindex=\"0\"><i aria-hidden=\"true\" role=\"presentation\" class=\"ea-expand-icon eap-icon-ea-expand-plus\"><\/i> 1. Was macht elbchAI?<\/a><\/h3><div class=\"sp-collapse spcollapse spcollapse\" id=\"collapse4610\" data-parent=\"#sp-ea-461\" role=\"region\" aria-labelledby=\"ea-header-4610\"> <div class=\"ea-body\"><p>elbchAI ber\u00e4t Unternehmen bei der Auswahl und Implementierung ma\u00dfgeschneiderter Intranet-L\u00f6sungen. Wir helfen dabei, das richtige Tool zu finden, die beste Agentur auszuw\u00e4hlen und ROI-Berechnungen durchzuf\u00fchren, um eine erfolgreiche interne Kommunikation und Zusammenarbeit sicherzustellen.<\/p><\/div><\/div><\/div><div class=\"ea-card sp-ea-single\"><h3 class=\"ea-header\"><a class=\"collapsed\" id=\"ea-header-4611\" role=\"button\" data-sptoggle=\"spcollapse\" data-sptarget=\"#collapse4611\" aria-controls=\"collapse4611\" href=\"#\" aria-expanded=\"false\" tabindex=\"0\"><i aria-hidden=\"true\" role=\"presentation\" class=\"ea-expand-icon eap-icon-ea-expand-plus\"><\/i> 2. Welche Unternehmen profitieren von den Dienstleistungen von elbchAI?<\/a><\/h3><div class=\"sp-collapse spcollapse spcollapse\" id=\"collapse4611\" data-parent=\"#sp-ea-461\" role=\"region\" aria-labelledby=\"ea-header-4611\"> <div class=\"ea-body\"><p>Unsere Services richten sich an Unternehmen jeder Gr\u00f6\u00dfe, die ihr Intranet optimieren oder neu einf\u00fchren m\u00f6chten. Besonders profitieren Organisationen, die eine datenbasierte Entscheidungsgrundlage und eine effiziente Implementierung suchen.<\/p><\/div><\/div><\/div><div class=\"ea-card sp-ea-single\"><h3 class=\"ea-header\"><a class=\"collapsed\" id=\"ea-header-4612\" role=\"button\" data-sptoggle=\"spcollapse\" data-sptarget=\"#collapse4612\" aria-controls=\"collapse4612\" href=\"#\" aria-expanded=\"false\" tabindex=\"0\"><i aria-hidden=\"true\" role=\"presentation\" class=\"ea-expand-icon eap-icon-ea-expand-plus\"><\/i> 3. Welche konkreten Dienstleistungen bietet elbchAI an?<\/a><\/h3><div class=\"sp-collapse spcollapse spcollapse\" id=\"collapse4612\" data-parent=\"#sp-ea-461\" role=\"region\" aria-labelledby=\"ea-header-4612\"> <div class=\"ea-body\"><p data-start=\"746\" data-end=\"789\">Wir unterst\u00fctzen Unternehmen in drei Hauptbereichen:<\/p><ul data-start=\"790\" data-end=\"1054\"><li data-start=\"790\" data-end=\"886\"><strong data-start=\"792\" data-end=\"811\">Tool-Auswahl:<\/strong> Ermittlung der besten Intranet-Software basierend auf individuellen Anforderungen.<\/li><li data-start=\"887\" data-end=\"963\"><strong data-start=\"889\" data-end=\"910\">Agentur-Auswahl:<\/strong> Empfehlung geeigneter Partner f\u00fcr die Implementierung.<\/li><li data-start=\"964\" data-end=\"1054\"><strong data-start=\"966\" data-end=\"986\">ROI-Berechnung:<\/strong> Analyse der Kosten-Nutzen-Relation, um Investitionsentscheidungen abzusichern.<\/li><\/ul><\/div><\/div><\/div><div class=\"ea-card sp-ea-single\"><h3 class=\"ea-header\"><a class=\"collapsed\" id=\"ea-header-4613\" role=\"button\" data-sptoggle=\"spcollapse\" data-sptarget=\"#collapse4613\" aria-controls=\"collapse4613\" href=\"#\" aria-expanded=\"false\" tabindex=\"0\"><i aria-hidden=\"true\" role=\"presentation\" class=\"ea-expand-icon eap-icon-ea-expand-plus\"><\/i> 4. Warum sollte sich ein Unternehmen f\u00fcr elbchAI entscheiden?<\/a><\/h3><div class=\"sp-collapse spcollapse spcollapse\" id=\"collapse4613\" data-parent=\"#sp-ea-461\" role=\"region\" aria-labelledby=\"ea-header-4613\"> <div class=\"ea-body\"><p>Durch unsere Erfahrung und Marktkenntnis sparen Unternehmen Zeit und Ressourcen, vermeiden Fehlentscheidungen und stellen sicher, dass ihr Intranet optimal auf ihre Bed\u00fcrfnisse abgestimmt ist.<\/p><\/div><\/div><\/div><div class=\"ea-card sp-ea-single\"><h3 class=\"ea-header\"><a class=\"collapsed\" id=\"ea-header-4614\" role=\"button\" data-sptoggle=\"spcollapse\" data-sptarget=\"#collapse4614\" aria-controls=\"collapse4614\" href=\"#\" aria-expanded=\"false\" tabindex=\"0\"><i aria-hidden=\"true\" role=\"presentation\" class=\"ea-expand-icon eap-icon-ea-expand-plus\"><\/i> 5. Arbeitet elbchAI mit bestimmten Anbietern zusammen?<\/a><\/h3><div class=\"sp-collapse spcollapse spcollapse\" id=\"collapse4614\" data-parent=\"#sp-ea-461\" role=\"region\" aria-labelledby=\"ea-header-4614\"> <div class=\"ea-body\"><p>Nein, wir sind unabh\u00e4ngig und w\u00e4hlen die beste L\u00f6sung auf Basis der individuellen Anforderungen jedes Unternehmens.<\/p><\/div><\/div><\/div><div class=\"ea-card sp-ea-single\"><h3 class=\"ea-header\"><a class=\"collapsed\" id=\"ea-header-4615\" role=\"button\" data-sptoggle=\"spcollapse\" data-sptarget=\"#collapse4615\" aria-controls=\"collapse4615\" href=\"#\" aria-expanded=\"false\" tabindex=\"0\"><i aria-hidden=\"true\" role=\"presentation\" class=\"ea-expand-icon eap-icon-ea-expand-plus\"><\/i> 6. Wie funktioniert die Zusammenarbeit mit elbchAI?<\/a><\/h3><div class=\"sp-collapse spcollapse spcollapse\" id=\"collapse4615\" data-parent=\"#sp-ea-461\" role=\"region\" aria-labelledby=\"ea-header-4615\"> <div class=\"ea-body\"><p>Nach einer Erstberatung analysieren wir die Anforderungen, pr\u00e4sentieren geeignete Optionen und begleiten den Entscheidungsprozess bis zur finalen Implementierung.<\/p><\/div><\/div><\/div><\/div><\/div>\n\t\t<\/div>\n\t<\/div>\n\n\t\t\t<\/div> \n\t\t<\/div>\n\t<\/div> \n<\/div><\/div>","protected":false},"excerpt":{"rendered":"FAQ \u2013 Frequently Asked Questions about elbchAI 1. What does elbchAI do? elbchAI advises companies on selecting and implementing customized intranet solutions. We help identify the right tool, find the...","protected":false},"author":1,"featured_media":0,"parent":0,"menu_order":0,"comment_status":"closed","ping_status":"closed","template":"","meta":{"footnotes":""},"class_list":["post-379","page","type-page","status-publish"],"yoast_head":"<!-- This site is optimized with the Yoast SEO plugin v27.4 - https:\/\/yoast.com\/product\/yoast-seo-wordpress\/ -->\n<title>FAQs - elbchAI - Technology that fits you<\/title>\n<meta name=\"robots\" content=\"index, follow, max-snippet:-1, max-image-preview:large, max-video-preview:-1\" \/>\n<link rel=\"canonical\" href=\"https:\/\/elbchai.com\/de\/faqs\/\" \/>\n<meta property=\"og:locale\" content=\"de_DE\" \/>\n<meta property=\"og:type\" content=\"article\" \/>\n<meta property=\"og:title\" content=\"FAQs - elbchAI - Technology that fits you\" \/>\n<meta property=\"og:url\" content=\"https:\/\/elbchai.com\/de\/faqs\/\" \/>\n<meta property=\"og:site_name\" content=\"elbchAI - Technology that fits you\" \/>\n<meta name=\"twitter:card\" content=\"summary_large_image\" \/>\n<meta name=\"twitter:label1\" content=\"Gesch\u00e4tzte Lesezeit\" \/>\n\t<meta name=\"twitter:data1\" content=\"1\u00a0Minute\" \/>\n<script type=\"application\/ld+json\" class=\"yoast-schema-graph\">{\"@context\":\"https:\\\/\\\/schema.org\",\"@graph\":[{\"@type\":\"WebPage\",\"@id\":\"https:\\\/\\\/elbchai.com\\\/faqs\\\/\",\"url\":\"https:\\\/\\\/elbchai.com\\\/faqs\\\/\",\"name\":\"FAQs - elbchAI - Technology that fits you\",\"isPartOf\":{\"@id\":\"https:\\\/\\\/elbchai.com\\\/#website\"},\"datePublished\":\"2025-03-21T08:11:50+00:00\",\"breadcrumb\":{\"@id\":\"https:\\\/\\\/elbchai.com\\\/faqs\\\/#breadcrumb\"},\"inLanguage\":\"de\",\"potentialAction\":[{\"@type\":\"ReadAction\",\"target\":[\"https:\\\/\\\/elbchai.com\\\/faqs\\\/\"]}]},{\"@type\":\"BreadcrumbList\",\"@id\":\"https:\\\/\\\/elbchai.com\\\/faqs\\\/#breadcrumb\",\"itemListElement\":[{\"@type\":\"ListItem\",\"position\":1,\"name\":\"Home\",\"item\":\"https:\\\/\\\/elbchai.com\\\/\"},{\"@type\":\"ListItem\",\"position\":2,\"name\":\"FAQs\"}]},{\"@type\":\"WebSite\",\"@id\":\"https:\\\/\\\/elbchai.com\\\/#website\",\"url\":\"https:\\\/\\\/elbchai.com\\\/\",\"name\":\"elbchai - Technology that fits you\",\"description\":\"\",\"publisher\":{\"@id\":\"https:\\\/\\\/elbchai.com\\\/#organization\"},\"potentialAction\":[{\"@type\":\"SearchAction\",\"target\":{\"@type\":\"EntryPoint\",\"urlTemplate\":\"https:\\\/\\\/elbchai.com\\\/?s={search_term_string}\"},\"query-input\":{\"@type\":\"PropertyValueSpecification\",\"valueRequired\":true,\"valueName\":\"search_term_string\"}}],\"inLanguage\":\"de\"},{\"@type\":\"Organization\",\"@id\":\"https:\\\/\\\/elbchai.com\\\/#organization\",\"name\":\"elbchai - Technology that fits you\",\"url\":\"https:\\\/\\\/elbchai.com\\\/\",\"logo\":{\"@type\":\"ImageObject\",\"inLanguage\":\"de\",\"@id\":\"https:\\\/\\\/elbchai.com\\\/#\\\/schema\\\/logo\\\/image\\\/\",\"url\":\"https:\\\/\\\/elbchai.com\\\/wp-content\\\/uploads\\\/2025\\\/02\\\/logo.png\",\"contentUrl\":\"https:\\\/\\\/elbchai.com\\\/wp-content\\\/uploads\\\/2025\\\/02\\\/logo.png\",\"width\":408,\"height\":408,\"caption\":\"elbchai - Technology that fits you\"},\"image\":{\"@id\":\"https:\\\/\\\/elbchai.com\\\/#\\\/schema\\\/logo\\\/image\\\/\"},\"sameAs\":[\"https:\\\/\\\/www.linkedin.com\\\/company\\\/elbchai\"]}]}<\/script>\n<!-- \/ Yoast SEO plugin. -->","yoast_head_json":{"title":"FAQs - elbchAI - Technology that fits you","robots":{"index":"index","follow":"follow","max-snippet":"max-snippet:-1","max-image-preview":"max-image-preview:large","max-video-preview":"max-video-preview:-1"},"canonical":"https:\/\/elbchai.com\/de\/faqs\/","og_locale":"de_DE","og_type":"article","og_title":"FAQs - elbchAI - Technology that fits you","og_url":"https:\/\/elbchai.com\/de\/faqs\/","og_site_name":"elbchAI - Technology that fits you","twitter_card":"summary_large_image","twitter_misc":{"Gesch\u00e4tzte Lesezeit":"1\u00a0Minute"},"schema":{"@context":"https:\/\/schema.org","@graph":[{"@type":"WebPage","@id":"https:\/\/elbchai.com\/faqs\/","url":"https:\/\/elbchai.com\/faqs\/","name":"FAQs - elbchAI - Technology that fits you","isPartOf":{"@id":"https:\/\/elbchai.com\/#website"},"datePublished":"2025-03-21T08:11:50+00:00","breadcrumb":{"@id":"https:\/\/elbchai.com\/faqs\/#breadcrumb"},"inLanguage":"de","potentialAction":[{"@type":"ReadAction","target":["https:\/\/elbchai.com\/faqs\/"]}]},{"@type":"BreadcrumbList","@id":"https:\/\/elbchai.com\/faqs\/#breadcrumb","itemListElement":[{"@type":"ListItem","position":1,"name":"Home","item":"https:\/\/elbchai.com\/"},{"@type":"ListItem","position":2,"name":"FAQs"}]},{"@type":"WebSite","@id":"https:\/\/elbchai.com\/#website","url":"https:\/\/elbchai.com\/","name":"elbchai - Technology that fits you","description":"","publisher":{"@id":"https:\/\/elbchai.com\/#organization"},"potentialAction":[{"@type":"SearchAction","target":{"@type":"EntryPoint","urlTemplate":"https:\/\/elbchai.com\/?s={search_term_string}"},"query-input":{"@type":"PropertyValueSpecification","valueRequired":true,"valueName":"search_term_string"}}],"inLanguage":"de"},{"@type":"Organization","@id":"https:\/\/elbchai.com\/#organization","name":"elbchai - Technology that fits you","url":"https:\/\/elbchai.com\/","logo":{"@type":"ImageObject","inLanguage":"de","@id":"https:\/\/elbchai.com\/#\/schema\/logo\/image\/","url":"https:\/\/elbchai.com\/wp-content\/uploads\/2025\/02\/logo.png","contentUrl":"https:\/\/elbchai.com\/wp-content\/uploads\/2025\/02\/logo.png","width":408,"height":408,"caption":"elbchai - Technology that fits you"},"image":{"@id":"https:\/\/elbchai.com\/#\/schema\/logo\/image\/"},"sameAs":["https:\/\/www.linkedin.com\/company\/elbchai"]}]}},"_links":{"self":[{"href":"https:\/\/elbchai.com\/de\/wp-json\/wp\/v2\/pages\/379","targetHints":{"allow":["GET"]}}],"collection":[{"href":"https:\/\/elbchai.com\/de\/wp-json\/wp\/v2\/pages"}],"about":[{"href":"https:\/\/elbchai.com\/de\/wp-json\/wp\/v2\/types\/page"}],"author":[{"embeddable":true,"href":"https:\/\/elbchai.com\/de\/wp-json\/wp\/v2\/users\/1"}],"replies":[{"embeddable":true,"href":"https:\/\/elbchai.com\/de\/wp-json\/wp\/v2\/comments?post=379"}],"version-history":[{"count":4,"href":"https:\/\/elbchai.com\/de\/wp-json\/wp\/v2\/pages\/379\/revisions"}],"predecessor-version":[{"id":471,"href":"https:\/\/elbchai.com\/de\/wp-json\/wp\/v2\/pages\/379\/revisions\/471"}],"wp:attachment":[{"href":"https:\/\/elbchai.com\/de\/wp-json\/wp\/v2\/media?parent=379"}],"curies":[{"name":"wp","href":"https:\/\/api.w.org\/{rel}","templated":true}]}}