{"id":238,"date":"2025-02-26T05:38:01","date_gmt":"2025-02-26T05:38:01","guid":{"rendered":"https:\/\/zoptal.io\/wordpress\/elbchai\/?page_id=238"},"modified":"2026-01-08T11:05:22","modified_gmt":"2026-01-08T11:05:22","slug":"imprint","status":"publish","type":"page","link":"https:\/\/elbchai.com\/de\/imprint\/","title":{"rendered":"Impressum"},"content":{"rendered":"<div id=\"fws_69e10c912f93b\"  data-column-margin=\"default\" data-midnight=\"dark\" data-top-percent=\"5%\" data-bottom-percent=\"5%\"  class=\"wpb_row vc_row-fluid vc_row full-width-section  top_padding_phone_10pct\"  style=\"padding-top: calc(100vw * 0.05); padding-bottom: calc(100vw * 0.05); \"><div class=\"row-bg-wrap\" data-bg-animation=\"none\" data-bg-animation-delay=\"\" data-bg-overlay=\"false\"><div class=\"inner-wrap row-bg-layer\" ><div class=\"row-bg viewport-desktop\"  style=\"\"><\/div><\/div><\/div><div class=\"row_col_wrap_12 col span_12 dark left\">\n\t<div  class=\"vc_col-sm-12 wpb_column column_container vc_column_container col has-animation no-extra-padding inherit_tablet inherit_phone\"  data-padding-pos=\"all\" data-has-bg-color=\"false\" data-bg-color=\"\" data-bg-opacity=\"1\" data-animation=\"slight-fade-in-from-bottom\" data-delay=\"0\" >\n\t\t<div class=\"vc_column-inner\" >\n\t\t\t<div class=\"wpb_wrapper\">\n\t\t\t\t<div id=\"fws_69e10c912ffce\" data-midnight=\"\" data-column-margin=\"default\" class=\"wpb_row vc_row-fluid vc_row inner_row\"  style=\"\"><div class=\"row-bg-wrap\"> <div class=\"row-bg\" ><\/div> <\/div><div class=\"row_col_wrap_12_inner col span_12  left\">\n\t<div  class=\"vc_col-sm-12 wpb_column column_container vc_column_container col child_column centered-text no-extra-padding inherit_tablet inherit_phone\"   data-padding-pos=\"all\" data-has-bg-color=\"false\" data-bg-color=\"\" data-bg-opacity=\"1\" data-animation=\"\" data-delay=\"0\" data-nectar-animate-settings=\"{&quot;animations&quot;:{&quot;desktop&quot;:{&quot;translateX&quot;:{&quot;start&quot;:&quot;0&quot;,&quot;end&quot;:&quot;0&quot;},&quot;translateY&quot;:{&quot;start&quot;:&quot;0&quot;,&quot;end&quot;:&quot;90%&quot;},&quot;scale&quot;:{&quot;start&quot;:&quot;1&quot;,&quot;end&quot;:&quot;1&quot;},&quot;opacity&quot;:{&quot;start&quot;:&quot;1&quot;,&quot;end&quot;:&quot;0&quot;},&quot;rotate&quot;:{&quot;start&quot;:&quot;0&quot;,&quot;end&quot;:&quot;0&quot;}},&quot;tablet&quot;:{&quot;translateX&quot;:{&quot;start&quot;:&quot;0&quot;,&quot;end&quot;:&quot;0&quot;},&quot;translateY&quot;:{&quot;start&quot;:&quot;0&quot;,&quot;end&quot;:&quot;90%&quot;},&quot;scale&quot;:{&quot;start&quot;:&quot;1&quot;,&quot;end&quot;:&quot;1&quot;},&quot;opacity&quot;:{&quot;start&quot;:&quot;1&quot;,&quot;end&quot;:&quot;0&quot;},&quot;rotate&quot;:{&quot;start&quot;:&quot;0&quot;,&quot;end&quot;:&quot;0&quot;}},&quot;phone&quot;:{&quot;translateX&quot;:{&quot;start&quot;:&quot;0&quot;,&quot;end&quot;:&quot;0&quot;},&quot;translateY&quot;:{&quot;start&quot;:&quot;0&quot;,&quot;end&quot;:&quot;90%&quot;},&quot;scale&quot;:{&quot;start&quot;:&quot;1&quot;,&quot;end&quot;:&quot;1&quot;},&quot;opacity&quot;:{&quot;start&quot;:&quot;1&quot;,&quot;end&quot;:&quot;0&quot;},&quot;rotate&quot;:{&quot;start&quot;:&quot;0&quot;,&quot;end&quot;:&quot;0&quot;}}},&quot;offsets&quot;:{&quot;start&quot;:&quot;0.00&quot;,&quot;end&quot;:&quot;100.00&quot;},&quot;config&quot;:[]}\" data-advanced-animation=\"true\" data-persist-animation>\n\t\t<div class=\"vc_column-inner\" >\n\t\t<div class=\"wpb_wrapper\">\n\t\t\t<div class=\"nectar-split-heading  font_size_6vw font_size_max_200px font_size_tablet_11vw font_line_height_0-9\" data-align=\"default\" data-m-align=\"inherit\" data-text-effect=\"none\" data-animation-type=\"line-reveal-by-space\" data-animation-delay=\"0\" data-animation-offset=\"\" data-m-rm-animation=\"\" data-stagger=\"\" data-custom-font-size=\"true\" style=\"font-size: 6vw; line-height: 6.6vw;\"><h1 >Impressum<\/h1><\/div>\n\t\t<\/div> \n\t<\/div>\n\t<\/div> \n<\/div><\/div>\n\t\t\t<\/div> \n\t\t<\/div>\n\t<\/div> \n<\/div><\/div>\n\t\t<div id=\"fws_69e10c913042f\"  data-column-margin=\"default\" data-midnight=\"dark\"  class=\"wpb_row vc_row-fluid vc_row\"  style=\"padding-top: 0px; padding-bottom: 0px; \"><div class=\"row-bg-wrap\" data-bg-animation=\"none\" data-bg-animation-delay=\"\" data-bg-overlay=\"false\"><div class=\"inner-wrap row-bg-layer\" ><div class=\"row-bg viewport-desktop\"  style=\"\"><\/div><\/div><\/div><div class=\"row_col_wrap_12 col span_12 dark left\">\n\t<div  class=\"vc_col-sm-12 wpb_column column_container vc_column_container col no-extra-padding inherit_tablet inherit_phone\"  data-padding-pos=\"all\" data-has-bg-color=\"false\" data-bg-color=\"\" data-bg-opacity=\"1\" data-animation=\"\" data-delay=\"0\" >\n\t\t<div class=\"vc_column-inner\" >\n\t\t\t<div class=\"wpb_wrapper\">\n\t\t\t\t\n<div class=\"wpb_text_column wpb_content_element\" >\n\t<div class=\"wpb_wrapper\">\n\t\t<p data-start=\"117\" data-end=\"206\"><strong data-start=\"117\" data-end=\"152\">elbchAI UG (haftungsbeschr\u00e4nkt)<\/strong><br data-start=\"152\" data-end=\"155\" \/>Elbchaussee 438<br data-start=\"172\" data-end=\"175\" \/>22609 Hamburg<br data-start=\"194\" data-end=\"197\" \/>Deutschland<\/p>\n<p data-start=\"208\" data-end=\"259\"><strong data-start=\"208\" data-end=\"227\">Vertreten durch:<\/strong><br data-start=\"227\" data-end=\"230\" \/>Felix Schr\u00f6der<\/p>\n<p data-start=\"261\" data-end=\"352\"><strong data-start=\"261\" data-end=\"273\">Kontakt:<\/strong><br data-start=\"273\" data-end=\"276\" \/>Telefon: +49 151 68463242<br data-start=\"297\" data-end=\"300\" \/>E-Mail: info@elbchai.de<br data-start=\"322\" data-end=\"325\" \/>Website: elbchai.com<\/p>\n<p data-start=\"354\" data-end=\"492\"><strong data-start=\"354\" data-end=\"378\">Handelsregister:<\/strong><br data-start=\"378\" data-end=\"381\" \/>Eingetragen im Handelsregister beim Amtsgericht Hamburg am Tierpark<br data-start=\"447\" data-end=\"450\" \/>Handelsregisternummer: 137224<\/p>\n<p data-start=\"494\" data-end=\"581\"><strong data-start=\"494\" data-end=\"505\">Umsatzsteuer-ID:<\/strong><br data-start=\"505\" data-end=\"508\" \/>Umsatzsteuer-Identifikationsnummer gem\u00e4\u00df \u00a7 27a UStG: 42\/717\/02642<\/p>\n<p data-start=\"583\" data-end=\"658\"><strong data-start=\"583\" data-end=\"638\">Verantwortlich f\u00fcr den Inhalt nach \u00a7 18 Abs. 2 MStV:<\/strong><br data-start=\"638\" data-end=\"641\" \/>Felix Schr\u00f6der, Elbchaussee 438, 22609 Hamburg<\/p>\n<p data-start=\"660\" data-end=\"911\"><strong data-start=\"917\" data-end=\"942\">Haftung f\u00fcr Inhalte<\/strong><\/p>\n<p data-start=\"945\" data-end=\"1247\">Als Diensteanbieter sind wir gem\u00e4\u00df \u00a7 7 Abs.1 TMG f\u00fcr eigene Inhalte auf diesen Seiten nach den allgemeinen Gesetzen verantwortlich. Nach \u00a7\u00a7 8 bis 10 TMG sind wir als Diensteanbieter jedoch nicht verpflichtet, \u00fcbermittelte oder gespeicherte fremde Informationen zu \u00fcberwachen oder nach Umst\u00e4nden zu forschen, die auf eine rechtswidrige T\u00e4tigkeit hinweisen.<\/p>\n<p data-start=\"1249\" data-end=\"1278\"><strong data-start=\"1253\" data-end=\"1276\">Haftung f\u00fcr Links<\/strong><\/p>\n<p data-start=\"1279\" data-end=\"1445\">Unser Angebot enth\u00e4lt Links zu externen Webseiten Dritter, auf deren Inhalte wir keinen Einfluss haben. Deshalb k\u00f6nnen wir f\u00fcr diese fremden Inhalte auch keine Gew\u00e4hr \u00fcbernehmen.<\/p>\n<p data-start=\"1447\" data-end=\"1466\"><strong data-start=\"1451\" data-end=\"1464\">Urheberrecht<\/strong><\/p>\n<p data-start=\"1467\" data-end=\"1743\">Die durch die Seitenbetreiber erstellten Inhalte und Werke auf diesen Seiten unterliegen dem deutschen Urheberrecht. Die Vervielf\u00e4ltigung, Bearbeitung, Verbreitung und jede Art der Verwertung au\u00dferhalb der Grenzen des Urheberrechtes bed\u00fcrfen der schriftlichen Zustimmung des jeweiligen Autors bzw. Erstellers.<\/p>\n\t<\/div>\n<\/div>\n\n\n\n\n\t\t\t<\/div> \n\t\t<\/div>\n\t<\/div> \n<\/div><\/div>","protected":false},"excerpt":{"rendered":"Impressum elbchAI UG (haftungsbeschr\u00e4nkt)Elbchaussee 43822609 HamburgGermany Represented by:Felix Schr\u00f6der Contact:Phone: +49 151 68463242Email: info@elbchai.deWebsite: elbchai.com Commercial Register:Registered in the Commercial Register at the Local Court of Hamburg am TierparkCommercial Register...","protected":false},"author":1,"featured_media":0,"parent":0,"menu_order":0,"comment_status":"closed","ping_status":"closed","template":"","meta":{"footnotes":""},"class_list":["post-238","page","type-page","status-publish"],"yoast_head":"<!-- This site is optimized with the Yoast SEO plugin v27.4 - https:\/\/yoast.com\/product\/yoast-seo-wordpress\/ -->\n<title>elbChai - Imprint<\/title>\n<meta name=\"description\" content=\"Imprint information\" \/>\n<meta name=\"robots\" content=\"index, follow, max-snippet:-1, max-image-preview:large, max-video-preview:-1\" \/>\n<link rel=\"canonical\" href=\"https:\/\/elbchai.com\/de\/imprint\/\" \/>\n<meta property=\"og:locale\" content=\"de_DE\" \/>\n<meta property=\"og:type\" content=\"article\" \/>\n<meta property=\"og:title\" content=\"elbChai - Imprint\" \/>\n<meta property=\"og:description\" content=\"Imprint information\" \/>\n<meta property=\"og:url\" content=\"https:\/\/elbchai.com\/de\/imprint\/\" \/>\n<meta property=\"og:site_name\" content=\"elbchAI - Technology that fits you\" \/>\n<meta property=\"article:modified_time\" content=\"2026-01-08T11:05:22+00:00\" \/>\n<meta name=\"twitter:card\" content=\"summary_large_image\" \/>\n<meta name=\"twitter:label1\" content=\"Gesch\u00e4tzte Lesezeit\" \/>\n\t<meta name=\"twitter:data1\" content=\"1\u00a0Minute\" \/>\n<script type=\"application\/ld+json\" class=\"yoast-schema-graph\">{\"@context\":\"https:\\\/\\\/schema.org\",\"@graph\":[{\"@type\":\"WebPage\",\"@id\":\"https:\\\/\\\/elbchai.com\\\/imprint\\\/\",\"url\":\"https:\\\/\\\/elbchai.com\\\/imprint\\\/\",\"name\":\"elbChai - Imprint\",\"isPartOf\":{\"@id\":\"https:\\\/\\\/elbchai.com\\\/#website\"},\"datePublished\":\"2025-02-26T05:38:01+00:00\",\"dateModified\":\"2026-01-08T11:05:22+00:00\",\"description\":\"Imprint information\",\"breadcrumb\":{\"@id\":\"https:\\\/\\\/elbchai.com\\\/imprint\\\/#breadcrumb\"},\"inLanguage\":\"de\",\"potentialAction\":[{\"@type\":\"ReadAction\",\"target\":[\"https:\\\/\\\/elbchai.com\\\/imprint\\\/\"]}]},{\"@type\":\"BreadcrumbList\",\"@id\":\"https:\\\/\\\/elbchai.com\\\/imprint\\\/#breadcrumb\",\"itemListElement\":[{\"@type\":\"ListItem\",\"position\":1,\"name\":\"Home\",\"item\":\"https:\\\/\\\/elbchai.com\\\/\"},{\"@type\":\"ListItem\",\"position\":2,\"name\":\"Imprint\"}]},{\"@type\":\"WebSite\",\"@id\":\"https:\\\/\\\/elbchai.com\\\/#website\",\"url\":\"https:\\\/\\\/elbchai.com\\\/\",\"name\":\"elbchai - Technology that fits you\",\"description\":\"\",\"publisher\":{\"@id\":\"https:\\\/\\\/elbchai.com\\\/#organization\"},\"potentialAction\":[{\"@type\":\"SearchAction\",\"target\":{\"@type\":\"EntryPoint\",\"urlTemplate\":\"https:\\\/\\\/elbchai.com\\\/?s={search_term_string}\"},\"query-input\":{\"@type\":\"PropertyValueSpecification\",\"valueRequired\":true,\"valueName\":\"search_term_string\"}}],\"inLanguage\":\"de\"},{\"@type\":\"Organization\",\"@id\":\"https:\\\/\\\/elbchai.com\\\/#organization\",\"name\":\"elbchai - Technology that fits you\",\"url\":\"https:\\\/\\\/elbchai.com\\\/\",\"logo\":{\"@type\":\"ImageObject\",\"inLanguage\":\"de\",\"@id\":\"https:\\\/\\\/elbchai.com\\\/#\\\/schema\\\/logo\\\/image\\\/\",\"url\":\"https:\\\/\\\/elbchai.com\\\/wp-content\\\/uploads\\\/2025\\\/02\\\/logo.png\",\"contentUrl\":\"https:\\\/\\\/elbchai.com\\\/wp-content\\\/uploads\\\/2025\\\/02\\\/logo.png\",\"width\":408,\"height\":408,\"caption\":\"elbchai - Technology that fits you\"},\"image\":{\"@id\":\"https:\\\/\\\/elbchai.com\\\/#\\\/schema\\\/logo\\\/image\\\/\"},\"sameAs\":[\"https:\\\/\\\/www.linkedin.com\\\/company\\\/elbchai\"]}]}<\/script>\n<!-- \/ Yoast SEO plugin. -->","yoast_head_json":{"title":"elbChai - Imprint","description":"Imprint information","robots":{"index":"index","follow":"follow","max-snippet":"max-snippet:-1","max-image-preview":"max-image-preview:large","max-video-preview":"max-video-preview:-1"},"canonical":"https:\/\/elbchai.com\/de\/imprint\/","og_locale":"de_DE","og_type":"article","og_title":"elbChai - Imprint","og_description":"Imprint information","og_url":"https:\/\/elbchai.com\/de\/imprint\/","og_site_name":"elbchAI - Technology that fits you","article_modified_time":"2026-01-08T11:05:22+00:00","twitter_card":"summary_large_image","twitter_misc":{"Gesch\u00e4tzte Lesezeit":"1\u00a0Minute"},"schema":{"@context":"https:\/\/schema.org","@graph":[{"@type":"WebPage","@id":"https:\/\/elbchai.com\/imprint\/","url":"https:\/\/elbchai.com\/imprint\/","name":"elbChai - Imprint","isPartOf":{"@id":"https:\/\/elbchai.com\/#website"},"datePublished":"2025-02-26T05:38:01+00:00","dateModified":"2026-01-08T11:05:22+00:00","description":"Imprint information","breadcrumb":{"@id":"https:\/\/elbchai.com\/imprint\/#breadcrumb"},"inLanguage":"de","potentialAction":[{"@type":"ReadAction","target":["https:\/\/elbchai.com\/imprint\/"]}]},{"@type":"BreadcrumbList","@id":"https:\/\/elbchai.com\/imprint\/#breadcrumb","itemListElement":[{"@type":"ListItem","position":1,"name":"Home","item":"https:\/\/elbchai.com\/"},{"@type":"ListItem","position":2,"name":"Imprint"}]},{"@type":"WebSite","@id":"https:\/\/elbchai.com\/#website","url":"https:\/\/elbchai.com\/","name":"elbchai - Technology that fits you","description":"","publisher":{"@id":"https:\/\/elbchai.com\/#organization"},"potentialAction":[{"@type":"SearchAction","target":{"@type":"EntryPoint","urlTemplate":"https:\/\/elbchai.com\/?s={search_term_string}"},"query-input":{"@type":"PropertyValueSpecification","valueRequired":true,"valueName":"search_term_string"}}],"inLanguage":"de"},{"@type":"Organization","@id":"https:\/\/elbchai.com\/#organization","name":"elbchai - Technology that fits you","url":"https:\/\/elbchai.com\/","logo":{"@type":"ImageObject","inLanguage":"de","@id":"https:\/\/elbchai.com\/#\/schema\/logo\/image\/","url":"https:\/\/elbchai.com\/wp-content\/uploads\/2025\/02\/logo.png","contentUrl":"https:\/\/elbchai.com\/wp-content\/uploads\/2025\/02\/logo.png","width":408,"height":408,"caption":"elbchai - Technology that fits you"},"image":{"@id":"https:\/\/elbchai.com\/#\/schema\/logo\/image\/"},"sameAs":["https:\/\/www.linkedin.com\/company\/elbchai"]}]}},"_links":{"self":[{"href":"https:\/\/elbchai.com\/de\/wp-json\/wp\/v2\/pages\/238","targetHints":{"allow":["GET"]}}],"collection":[{"href":"https:\/\/elbchai.com\/de\/wp-json\/wp\/v2\/pages"}],"about":[{"href":"https:\/\/elbchai.com\/de\/wp-json\/wp\/v2\/types\/page"}],"author":[{"embeddable":true,"href":"https:\/\/elbchai.com\/de\/wp-json\/wp\/v2\/users\/1"}],"replies":[{"embeddable":true,"href":"https:\/\/elbchai.com\/de\/wp-json\/wp\/v2\/comments?post=238"}],"version-history":[{"count":12,"href":"https:\/\/elbchai.com\/de\/wp-json\/wp\/v2\/pages\/238\/revisions"}],"predecessor-version":[{"id":709,"href":"https:\/\/elbchai.com\/de\/wp-json\/wp\/v2\/pages\/238\/revisions\/709"}],"wp:attachment":[{"href":"https:\/\/elbchai.com\/de\/wp-json\/wp\/v2\/media?parent=238"}],"curies":[{"name":"wp","href":"https:\/\/api.w.org\/{rel}","templated":true}]}}