{"id":201,"date":"2025-02-24T11:32:01","date_gmt":"2025-02-24T11:32:01","guid":{"rendered":"https:\/\/zoptal.io\/wordpress\/elbchai\/?page_id=201"},"modified":"2026-01-12T20:29:55","modified_gmt":"2026-01-12T20:29:55","slug":"view-agency-selection","status":"publish","type":"page","link":"https:\/\/elbchai.com\/de\/view-agency-selection\/","title":{"rendered":"View Agency Selection"},"content":{"rendered":"<div id=\"fws_69e36ced2c177\"  data-column-margin=\"default\" data-midnight=\"light\" data-top-percent=\"14%\" data-bottom-percent=\"12%\"  class=\"wpb_row vc_row-fluid vc_row full-width-section parallax_section\"  style=\"padding-top: calc(100vw * 0.14); padding-bottom: calc(100vw * 0.12); \"><div class=\"row-bg-wrap\" data-bg-animation=\"none\" data-bg-animation-delay=\"\" data-bg-overlay=\"true\"><div class=\"inner-wrap row-bg-layer using-image\" ><div class=\"row-bg viewport-desktop using-image using-bg-color\" data-parallax-speed=\"fast\" style=\"background-image: url(https:\/\/elbchai.com\/wp-content\/uploads\/2025\/02\/view-agency-selection.jpg); background-position: center center; background-repeat: no-repeat; background-color: #ffffff; \"><\/div><\/div><div class=\"row-bg-overlay row-bg-layer\" style=\"background: #0a0000; background: linear-gradient(90deg,#0a0000 0%,rgba(10,10,10,0.5) 100%);  opacity: 0.5; \"><\/div><\/div><div class=\"row_col_wrap_12 col span_12 light left\">\n\t<div  class=\"vc_col-sm-12 wpb_column column_container vc_column_container col no-extra-padding inherit_tablet inherit_phone\"  data-padding-pos=\"all\" data-has-bg-color=\"false\" data-bg-color=\"\" data-bg-opacity=\"1\" data-animation=\"\" data-delay=\"0\" >\n\t\t<div class=\"vc_column-inner\" >\n\t\t\t<div class=\"wpb_wrapper\">\n\t\t\t\t<div id=\"fws_69e36ced2c865\" data-midnight=\"\" data-column-margin=\"default\" class=\"wpb_row vc_row-fluid vc_row inner_row vc_row-o-equal-height vc_row-flex vc_row-o-content-middle\"  style=\"\"><div class=\"row-bg-wrap\"> <div class=\"row-bg\" ><\/div> <\/div><div class=\"row_col_wrap_12_inner col span_12  left\">\n\t<div  class=\"vc_col-sm-6 vc_col-lg-6 vc_col-md-6 vc_col-xs-12 wpb_column column_container vc_column_container col child_column has-animation no-extra-padding inherit_tablet inherit_phone\"   data-padding-pos=\"all\" data-has-bg-color=\"false\" data-bg-color=\"\" data-bg-opacity=\"1\" data-animation=\"fade-in\" data-delay=\"0\" >\n\t\t<div class=\"vc_column-inner\" >\n\t\t<div class=\"wpb_wrapper\">\n\t\t\t\n<div class=\"wpb_text_column wpb_content_element  wpb_animate_when_almost_visible wpb_fadeInUp fadeInUp vc_custom_1740475485010\" >\n\t<div class=\"wpb_wrapper\">\n\t\t<h5>Agenturauswahl<\/h5>\n\t<\/div>\n<\/div>\n\n\n\n<div class=\"nectar-split-heading\" data-align=\"default\" data-m-align=\"inherit\" data-text-effect=\"default\" data-animation-type=\"default\" data-animation-delay=\"0\" data-animation-offset=\"\" data-m-rm-animation=\"\" data-stagger=\"\" data-custom-font-size=\"false\" ><div class=\"heading-line\" > <div><h2>Wir wissen welche Agentur du brauchst<\/h2> <\/div> <\/div><\/div><a class=\"nectar-button large regular accent-color has-icon  wpb_animate_when_almost_visible wpb_slideInUp slideInUp regular-button\"  role=\"button\" style=\"margin-top: 25px; \"  href=\"#team\" data-color-override=\"false\" data-hover-color-override=\"false\" data-hover-text-color-override=\"#fff\"><span>Zu unseren Partnern<\/span><i  class=\"icon-button-arrow\"><\/i><\/a>\n\t\t<\/div> \n\t<\/div>\n\t<\/div> \n\n\t<div  class=\"vc_col-sm-3 vc_hidden-sm vc_hidden-xs wpb_column column_container vc_column_container col child_column no-extra-padding inherit_tablet inherit_phone\"   data-padding-pos=\"all\" data-has-bg-color=\"false\" data-bg-color=\"\" data-bg-opacity=\"1\" data-animation=\"\" data-delay=\"0\" >\n\t\t<div class=\"vc_column-inner\" >\n\t\t<div class=\"wpb_wrapper\">\n\t\t\t\n\t\t<\/div> \n\t<\/div>\n\t<\/div> \n\n\t<div  class=\"vc_col-sm-3 vc_col-xs-12 wpb_column column_container vc_column_container col child_column has-animation padding-6-percent inherit_tablet inherit_phone\"   data-padding-pos=\"bottom\" data-has-bg-color=\"false\" data-bg-color=\"\" data-bg-opacity=\"1\" data-animation=\"fade-in-from-bottom\" data-delay=\"0\" >\n\t\t<div class=\"vc_column-inner\" >\n\t\t<div class=\"wpb_wrapper\">\n\t\t\t\n\t\t<\/div> \n\t<\/div>\n\t<\/div> \n<\/div><\/div>\n\t\t\t<\/div> \n\t\t<\/div>\n\t<\/div> \n<\/div><\/div>\n\t\t<div id=\"save-time\"  data-column-margin=\"default\" data-midnight=\"light\" data-top-percent=\"7%\" data-bottom-percent=\"7%\"  class=\"wpb_row vc_row-fluid vc_row full-width-section vc_row-o-equal-height vc_row-flex vc_row-o-content-middle\"  style=\"padding-top: calc(100vw * 0.07); padding-bottom: calc(100vw * 0.07); \"><div class=\"row-bg-wrap\" data-bg-animation=\"none\" data-bg-animation-delay=\"\" data-bg-overlay=\"false\"><div class=\"inner-wrap row-bg-layer\" ><div class=\"row-bg viewport-desktop using-bg-color\"  style=\"background-color: #00031c; \"><\/div><\/div><\/div><div class=\"row_col_wrap_12 col span_12 light left\">\n\t<div  class=\"vc_col-sm-5 vc_col-xs-12 wpb_column column_container vc_column_container col padding-2-percent inherit_tablet inherit_phone\"  data-padding-pos=\"top-bottom\" data-has-bg-color=\"false\" data-bg-color=\"\" data-bg-opacity=\"1\" data-animation=\"\" data-delay=\"0\" >\n\t\t<div class=\"vc_column-inner\" >\n\t\t\t<div class=\"wpb_wrapper\">\n\t\t\t\t<div id=\"fws_69e36ced2d228\" data-midnight=\"\" data-column-margin=\"default\" class=\"wpb_row vc_row-fluid vc_row inner_row\"  style=\"\"><div class=\"row-bg-wrap\"> <div class=\"row-bg\" ><\/div> <\/div><div class=\"row_col_wrap_12_inner col span_12  left\">\n\t<div  class=\"vc_col-sm-12 wpb_column column_container vc_column_container col child_column has-animation no-extra-padding inherit_tablet inherit_phone\"   data-padding-pos=\"all\" data-has-bg-color=\"false\" data-bg-color=\"\" data-bg-opacity=\"1\" data-animation=\"fade-in-from-bottom\" data-delay=\"0\" >\n\t\t<div class=\"vc_column-inner\" >\n\t\t<div class=\"wpb_wrapper\">\n\t\t\t<div class=\"nectar-badge nectar-inherit-label nectar-display-block text-color-ffffff padding-amount-small badge-style-default\" style=\"margin-bottom: 10px; \"><div class=\"nectar-badge__inner nectar-bg-accent-color\">Agentur Setup<\/div><\/div><h2 style=\"font-size: 62px;line-height: 62px;text-align: left\" class=\"vc_custom_heading vc_do_custom_heading wpb_animate_when_almost_visible wpb_fadeInUp fadeInUp\" >Der elbchAI Kompass f\u00fcr Agenturen<\/h2>\n\t\t<\/div> \n\t<\/div>\n\t<\/div> \n<\/div><\/div><div id=\"fws_69e36ced2d628\" data-midnight=\"\" data-column-margin=\"default\" class=\"wpb_row vc_row-fluid vc_row inner_row\"  style=\"\"><div class=\"row-bg-wrap\"> <div class=\"row-bg\" ><\/div> <\/div><div class=\"row_col_wrap_12_inner col span_12  left\">\n\t<div style=\" color: #777777;\" class=\"vc_col-sm-12 wpb_column column_container vc_column_container col child_column has-animation no-extra-padding inherit_tablet inherit_phone\" data-cfc=\"true\"  data-padding-pos=\"all\" data-has-bg-color=\"false\" data-bg-color=\"\" data-bg-opacity=\"1\" data-animation=\"fade-in-from-bottom\" data-delay=\"150\" >\n\t\t<div class=\"vc_column-inner\" >\n\t\t<div class=\"wpb_wrapper\">\n\t\t\t<p style=\"font-size: 16px;color: #ffffff;text-align: left\" class=\"vc_custom_heading vc_do_custom_heading wpb_animate_when_almost_visible wpb_fadeInUp fadeInUp\" >W\u00e4hle auf Grundlage deines Bedarfes an Beratung, Umsetzung, Schulung und Change die richtige Agentur aus.<\/p>\n\t\t<\/div> \n\t<\/div>\n\t<\/div> \n<\/div><\/div>\n\t\t\t<\/div> \n\t\t<\/div>\n\t<\/div> \n\n\t<div  class=\"vc_col-sm-7 vc_col-xs-12 wpb_column column_container vc_column_container col padding-3-percent inherit_tablet inherit_phone\"  data-padding-pos=\"all\" data-has-bg-color=\"false\" data-bg-color=\"\" data-bg-opacity=\"1\" data-animation=\"\" data-delay=\"0\" >\n\t\t<div class=\"vc_column-inner\" >\n\t\t\t<div class=\"wpb_wrapper\">\n\t\t\t\t<div class=\"img-with-aniamtion-wrap\" data-max-width=\"165%\" data-max-width-mobile=\"default\" data-shadow=\"none\" data-animation=\"fade-in-from-right\" >\n      <div class=\"inner\">\n        <div class=\"hover-wrap\"> \n          <div class=\"hover-wrap-inner\">\n            <img loading=\"lazy\" decoding=\"async\" class=\"img-with-animation skip-lazy\" data-delay=\"0\" height=\"713\" width=\"1000\" data-animation=\"fade-in-from-right\" src=\"https:\/\/elbchai.com\/wp-content\/uploads\/2025\/03\/agency-selection.png\" alt=\"\" srcset=\"https:\/\/elbchai.com\/wp-content\/uploads\/2025\/03\/agency-selection.png 1000w, https:\/\/elbchai.com\/wp-content\/uploads\/2025\/03\/agency-selection-300x214.png 300w, https:\/\/elbchai.com\/wp-content\/uploads\/2025\/03\/agency-selection-768x548.png 768w, https:\/\/elbchai.com\/wp-content\/uploads\/2025\/03\/agency-selection-18x12.png 18w\" sizes=\"auto, (max-width: 1000px) 100vw, 1000px\" \/>\n          <\/div>\n        <\/div>\n      <\/div>\n    <\/div>\n\t\t\t<\/div> \n\t\t<\/div>\n\t<\/div> \n<\/div><\/div>\n\t\t<div id=\"team\"  data-column-margin=\"default\" data-midnight=\"dark\"  class=\"wpb_row vc_row-fluid vc_row\"  style=\"padding-top: 0px; padding-bottom: 0px; \"><div class=\"row-bg-wrap\" data-bg-animation=\"none\" data-bg-animation-delay=\"\" data-bg-overlay=\"false\"><div class=\"inner-wrap row-bg-layer\" ><div class=\"row-bg viewport-desktop\"  style=\"\"><\/div><\/div><\/div><div class=\"row_col_wrap_12 col span_12 dark left\">\n\t<div  class=\"vc_col-sm-6 wpb_column column_container vc_column_container col no-extra-padding inherit_tablet inherit_phone\"  data-padding-pos=\"all\" data-has-bg-color=\"false\" data-bg-color=\"\" data-bg-opacity=\"1\" data-animation=\"\" data-delay=\"0\" >\n\t\t<div class=\"vc_column-inner\" >\n\t\t\t<div class=\"wpb_wrapper\">\n\t\t\t\t<div id=\"fws_69e36ced2e6bb\" data-midnight=\"\" data-column-margin=\"default\" class=\"wpb_row vc_row-fluid vc_row inner_row\"  style=\"\"><div class=\"row-bg-wrap\"> <div class=\"row-bg\" ><\/div> <\/div><div class=\"row_col_wrap_12_inner col span_12  left\">\n\t<div style=\" color: #777777;\" class=\"vc_col-sm-12 wpb_column column_container vc_column_container col child_column has-animation no-extra-padding inherit_tablet inherit_phone\" data-cfc=\"true\"  data-padding-pos=\"all\" data-has-bg-color=\"false\" data-bg-color=\"\" data-bg-opacity=\"1\" data-animation=\"fade-in-from-bottom\" data-delay=\"150\" >\n\t\t<div class=\"vc_column-inner\" >\n\t\t<div class=\"wpb_wrapper\">\n\t\t\t<h2 style=\"font-size: 3vw;color: #ffffff;text-align: left\" class=\"vc_custom_heading vc_do_custom_heading wpb_animate_when_almost_visible wpb_fadeInUp fadeInUp\" >Unsere Partner<\/h2><p style=\"font-size: 16px;color: #ffffff;text-align: left\" class=\"vc_custom_heading vc_do_custom_heading wpb_animate_when_almost_visible wpb_fadeInUp fadeInUp\" >Wir arbeiten mit renommierten Agenturen f\u00fcr Digitale Arbeitsplatze zusammen. Mit 15 Jahren Erfahrung kennen wir Vor- und Nachteile aller Partner.<\/p>\n\t\t<\/div> \n\t<\/div>\n\t<\/div> \n<\/div><\/div>\n\t\t\t<\/div> \n\t\t<\/div>\n\t<\/div> \n\n\t<div  class=\"vc_col-sm-6 wpb_column column_container vc_column_container col no-extra-padding inherit_tablet inherit_phone\"  data-padding-pos=\"all\" data-has-bg-color=\"false\" data-bg-color=\"\" data-bg-opacity=\"1\" data-animation=\"\" data-delay=\"0\" >\n\t\t<div class=\"vc_column-inner\" >\n\t\t\t<div class=\"wpb_wrapper\">\n\t\t\t\t<div class=\"owl-carousel\" data-enable-animation=\"\" data-loop=\"false\"  data-animation-delay=\"0\" data-autorotate=\"\" data-autorotation-speed=\"5000\" data-column-padding=\"10px\" data-desktop-cols=\"3\" data-desktop-small-cols=\"3\" data-tablet-cols=\"3\" data-mobile-cols=\"3\"><div class=\"carousel-item\"><div class=\"team-member\" data-n-parallax-bg=\"true\" data-parallax-speed=\"subtle\" data-style=\"bio_fullscreen_alt\"><div class=\"team-member-image\"><div class=\"team-member-image-inner\"><div class=\"nectar-el-parallax-scroll\" data-scroll-animation=\"true\" data-scroll-animation-mobile=\"true\" data-scroll-animation-intensity=\"-0.7\" data-scroll-animation-lerp=\"1\"><div class=\"vc_column-inner\"><img loading=\"lazy\" decoding=\"async\" src=\"https:\/\/elbchai.com\/wp-content\/uploads\/2025\/05\/clusterfck-teaser.png\" width=\"500\" height=\"500\" alt=\"\" \/><\/div><\/div><\/div><\/div><div class=\"team-member-overlay\"><\/div>\n    <div class=\"team-meta\"><h5><\/h5><h3>clusterfck consulting<\/h3><p><\/p><\/div>\n    <div class=\"nectar_team_bio_img\" data-img-src=\"https:\/\/elbchai.com\/wp-content\/uploads\/2025\/05\/clsterfck.png\"><\/div>\n    <div class=\"nectar_team_bio\"><p class=\"\" data-start=\"51\" data-end=\"301\">clusterfck unterst\u00fctzt Unternehmen dabei, interne Kommunikation neu zu denken \u2013 datengest\u00fctzt, zielgruppengenau und mit einem besonderen Fokus auf schwer erreichbare Mitarbeitendengruppen. Die Beratung zielt darauf ab, Klarheit zu schaffen, Engagement zu f\u00f6rdern und Unternehmenskultur erlebbar zu machen.<\/p>\n<p class=\"\" data-start=\"303\" data-end=\"691\">Die Boutiqueberatung verbindet strategische Kommunikationsberatung mit technologischem Know-how: von der Analyse der Kommunikationsbed\u00fcrfnisse \u00fcber die Entwicklung von Zielbildern bis hin zur Auswahl und Einf\u00fchrung passender Comms-Tech-Plattformen. Mit kreativen Kampagnen und wirkungsorientierten Formaten gelingt es, Mitarbeitende \u2013 auch die notorisch anspruchsvolle Zielgruppe Frontliner \u2013 nachhaltig zu erreichen.<\/p>\n<p class=\"\" data-start=\"693\" data-end=\"1030\">clusterfck begleitet Unternehmen sowohl projektbasiert als auch im Rahmen kontinuierlicher Sparring-Modelle. Die Beratung ist herstellerunabh\u00e4ngig, praxisnah und auf messbare Ergebnisse ausgerichtet. Zielgruppen sind vor allem gr\u00f6\u00dfere Organisationen mit komplexer Struktur, hoher Ver\u00e4nderungsdynamik oder einem Transformationsbedarf in der Kommunikationsarbeit.<\/p>\n<div class=\"bottom_meta\"><\/div><\/div>\n    <\/div>\n<div class=\"wpb_text_column wpb_content_element\" >\n\t<div class=\"wpb_wrapper\">\n\t\t\t<\/div>\n<\/div>\n\n\n\n<\/div><div class=\"carousel-item\"><div class=\"team-member\" data-n-parallax-bg=\"true\" data-parallax-speed=\"subtle\" data-style=\"bio_fullscreen_alt\"><div class=\"team-member-image\"><div class=\"team-member-image-inner\"><div class=\"nectar-el-parallax-scroll\" data-scroll-animation=\"true\" data-scroll-animation-mobile=\"true\" data-scroll-animation-intensity=\"-0.7\" data-scroll-animation-lerp=\"1\"><div class=\"vc_column-inner\"><img loading=\"lazy\" decoding=\"async\" src=\"https:\/\/elbchai.com\/wp-content\/uploads\/2025\/06\/nobasics-teaser.png\" width=\"500\" height=\"500\" alt=\"\" \/><\/div><\/div><\/div><\/div><div class=\"team-member-overlay\"><\/div>\n    <div class=\"team-meta\"><h5><\/h5><h3>noBAS!CS<\/h3><p><\/p><\/div>\n    <div class=\"nectar_team_bio_img\" data-img-src=\"https:\/\/elbchai.com\/wp-content\/uploads\/2025\/06\/Nobasics-Bio.png\"><\/div>\n    <div class=\"nectar_team_bio\"><p data-start=\"85\" data-end=\"417\">Als ehemalige Preistr\u00e4ger des VOICES Awards in der Kategorie \u201eBest Launch Strategy\u201c verf\u00fcgt das Team \u00fcber umfassende Erfahrung in der Einf\u00fchrung von Intranets sowie Mitarbeitenden-Plattformen und -Apps. Sie begleiten Unternehmen bei der Implementierung \u2013 von der technischen Einrichtung \u00fcber Struktur und Inhalte bis hin zur Planung und Durchf\u00fchrung des Go-Live.<\/p>\n<p data-start=\"419\" data-end=\"731\">Zum Leistungsumfang geh\u00f6ren individuell entwickelte Einf\u00fchrungsstrategien sowie Konzepte f\u00fcr interne Kommunikation und Branding. Im Mittelpunkt steht eine benutzerfreundliche Gestaltung der Plattform, die unterschiedliche interne Zielgruppen adressiert und inhaltlichen Mehrwert bietet. Der Launch wird so konzipiert, dass er Aufmerksamkeit erzeugt und eine hohe Nutzeraktivierung unterst\u00fctzt.<\/p>\n<div class=\"bottom_meta\"><\/div><\/div>\n    <\/div>\n<div class=\"wpb_text_column wpb_content_element\" >\n\t<div class=\"wpb_wrapper\">\n\t\t\t<\/div>\n<\/div>\n\n\n\n<\/div><div class=\"carousel-item\"><div class=\"team-member\" data-n-parallax-bg=\"true\" data-parallax-speed=\"subtle\" data-style=\"bio_fullscreen_alt\"><div class=\"team-member-image\"><div class=\"team-member-image-inner\"><div class=\"nectar-el-parallax-scroll\" data-scroll-animation=\"true\" data-scroll-animation-mobile=\"true\" data-scroll-animation-intensity=\"-0.7\" data-scroll-animation-lerp=\"1\"><div class=\"vc_column-inner\"><img loading=\"lazy\" decoding=\"async\" src=\"https:\/\/elbchai.com\/wp-content\/uploads\/2025\/08\/fuchs-teaser-fin.png\" width=\"500\" height=\"500\" alt=\"\" \/><\/div><\/div><\/div><\/div><div class=\"team-member-overlay\"><\/div>\n    <div class=\"team-meta\"><h5><\/h5><h3>Fuchs Devils Wild<\/h3><p><\/p><\/div>\n    <div class=\"nectar_team_bio_img\" data-img-src=\"https:\/\/elbchai.com\/wp-content\/uploads\/2025\/08\/fuchs-Bio-final.png\"><\/div>\n    <div class=\"nectar_team_bio\"><p data-start=\"52\" data-end=\"128\"><strong data-start=\"52\" data-end=\"90\">Gemeinsam Chancen entdecken<\/strong><br data-start=\"90\" data-end=\"93\" \/><strong data-start=\"93\" data-end=\"126\">New Work &amp; Digital Experience<\/strong><\/p>\n<p data-start=\"130\" data-end=\"296\">Fuchs Devils Wild begleitet Unternehmen in den Bereichen Neue Arbeitskultur &amp; Digitalisierung.Diese beiden Felder sind durch eine Konstante verbunden: sinnstiftende Kommunikation.<\/p>\n<p data-start=\"298\" data-end=\"635\">Die Arbeit der Agentur konzentriert sich darauf, neue Arbeitskulturen mit der Digitalisierung zu verkn\u00fcpfen. Sie bietet ganzheitliche Beratung f\u00fcr Unternehmen im Wandel und unterst\u00fctzt auf Wunsch auch bei der operativen Umsetzung. In enger Zusammenarbeit mit den Kunden und deren individuellen Herausforderungen entwickelt Fuchs Devils Wild ma\u00dfgeschneiderte, nachhaltige L\u00f6sungen.<\/p>\n<p data-start=\"637\" data-end=\"737\">Ihre Beratung richtet sich an die Gestalter von morgen \u2013 an all jene, die wirklich etwas bewegen wollen.<\/p>\n<p data-start=\"739\" data-end=\"1013\">Der Antrieb, Beratung in den Bereichen New Work und Digital Experience anzubieten, entspringt den gesammelten Erfahrungen des Teams, den gemeisterten Herausforderungen sowie einem tiefen Verst\u00e4ndnis daf\u00fcr, was Kunden, Unternehmen und Agenturen brauchen, um im Markt erfolgreich zu sein \u2013 heute und langfristig.<\/p>\n<p data-start=\"1015\" data-end=\"1331\">Das Ziel der Agentur ist es, Wissen in diesen Bereichen zu vermitteln, Horizonte zu erweitern und Grenzen neu zu definieren. Fuchs Devils Wild denkt Perspektivwechsel nicht nur an, sondern f\u00fchrt sie konsequent zu Ende. Dazu geh\u00f6rt es, Bed\u00fcrfnisse zu evaluieren, verborgene Potenziale zu erkennen und als kommunikative Br\u00fccke zwischen Menschen zu dienen.<\/p>\n<div class=\"bottom_meta\"><a href=\"https:\/\/fuchsdevilswild.de\" target=\"_blank\"><i class=\"icon-default-style fa fa-home\"><\/i><\/a><\/div><\/div>\n    <\/div>\n<div class=\"wpb_text_column wpb_content_element\" >\n\t<div class=\"wpb_wrapper\">\n\t\t\t<\/div>\n<\/div>\n\n\n\n<\/div><\/div>\n\t\t\t<\/div> \n\t\t<\/div>\n\t<\/div> \n<\/div><\/div>","protected":false},"excerpt":{"rendered":"Agency Selection We know the agency you need Meet our Partners Agency selectionThe elbchAI compass for agencies Select the agency based on your need for Consulting, Implementation, Training &amp; Change...","protected":false},"author":1,"featured_media":0,"parent":0,"menu_order":0,"comment_status":"closed","ping_status":"closed","template":"","meta":{"footnotes":""},"class_list":["post-201","page","type-page","status-publish"],"yoast_head":"<!-- This site is optimized with the Yoast SEO plugin v27.4 - https:\/\/yoast.com\/product\/yoast-seo-wordpress\/ -->\n<title>elbChai - View Intranet and Digital Workplace Agencies<\/title>\n<meta name=\"description\" content=\"View current Intranet and Digital Workplace agencies and select the most suitable agency for your framework conditions and technical setup.\" \/>\n<meta name=\"robots\" content=\"index, follow, max-snippet:-1, max-image-preview:large, max-video-preview:-1\" \/>\n<link rel=\"canonical\" href=\"https:\/\/elbchai.com\/de\/view-agency-selection\/\" \/>\n<meta property=\"og:locale\" content=\"de_DE\" \/>\n<meta property=\"og:type\" content=\"article\" \/>\n<meta property=\"og:title\" content=\"elbChai - View Intranet and Digital Workplace Agencies\" \/>\n<meta property=\"og:description\" content=\"View current Intranet and Digital Workplace agencies and select the most suitable agency for your framework conditions and technical setup.\" \/>\n<meta property=\"og:url\" content=\"https:\/\/elbchai.com\/de\/view-agency-selection\/\" \/>\n<meta property=\"og:site_name\" content=\"elbchAI - Technology that fits you\" \/>\n<meta property=\"article:modified_time\" content=\"2026-01-12T20:29:55+00:00\" \/>\n<meta name=\"twitter:card\" content=\"summary_large_image\" \/>\n<meta name=\"twitter:label1\" content=\"Gesch\u00e4tzte Lesezeit\" \/>\n\t<meta name=\"twitter:data1\" content=\"4\u00a0Minuten\" \/>\n<script type=\"application\/ld+json\" class=\"yoast-schema-graph\">{\"@context\":\"https:\\\/\\\/schema.org\",\"@graph\":[{\"@type\":\"WebPage\",\"@id\":\"https:\\\/\\\/elbchai.com\\\/view-agency-selection\\\/\",\"url\":\"https:\\\/\\\/elbchai.com\\\/view-agency-selection\\\/\",\"name\":\"elbChai - View Intranet and Digital Workplace Agencies\",\"isPartOf\":{\"@id\":\"https:\\\/\\\/elbchai.com\\\/#website\"},\"datePublished\":\"2025-02-24T11:32:01+00:00\",\"dateModified\":\"2026-01-12T20:29:55+00:00\",\"description\":\"View current Intranet and Digital Workplace agencies and select the most suitable agency for your framework conditions and technical setup.\",\"breadcrumb\":{\"@id\":\"https:\\\/\\\/elbchai.com\\\/view-agency-selection\\\/#breadcrumb\"},\"inLanguage\":\"de\",\"potentialAction\":[{\"@type\":\"ReadAction\",\"target\":[\"https:\\\/\\\/elbchai.com\\\/view-agency-selection\\\/\"]}]},{\"@type\":\"BreadcrumbList\",\"@id\":\"https:\\\/\\\/elbchai.com\\\/view-agency-selection\\\/#breadcrumb\",\"itemListElement\":[{\"@type\":\"ListItem\",\"position\":1,\"name\":\"Home\",\"item\":\"https:\\\/\\\/elbchai.com\\\/\"},{\"@type\":\"ListItem\",\"position\":2,\"name\":\"View Agency Selection\"}]},{\"@type\":\"WebSite\",\"@id\":\"https:\\\/\\\/elbchai.com\\\/#website\",\"url\":\"https:\\\/\\\/elbchai.com\\\/\",\"name\":\"elbchai - Technology that fits you\",\"description\":\"\",\"publisher\":{\"@id\":\"https:\\\/\\\/elbchai.com\\\/#organization\"},\"potentialAction\":[{\"@type\":\"SearchAction\",\"target\":{\"@type\":\"EntryPoint\",\"urlTemplate\":\"https:\\\/\\\/elbchai.com\\\/?s={search_term_string}\"},\"query-input\":{\"@type\":\"PropertyValueSpecification\",\"valueRequired\":true,\"valueName\":\"search_term_string\"}}],\"inLanguage\":\"de\"},{\"@type\":\"Organization\",\"@id\":\"https:\\\/\\\/elbchai.com\\\/#organization\",\"name\":\"elbchai - Technology that fits you\",\"url\":\"https:\\\/\\\/elbchai.com\\\/\",\"logo\":{\"@type\":\"ImageObject\",\"inLanguage\":\"de\",\"@id\":\"https:\\\/\\\/elbchai.com\\\/#\\\/schema\\\/logo\\\/image\\\/\",\"url\":\"https:\\\/\\\/elbchai.com\\\/wp-content\\\/uploads\\\/2025\\\/02\\\/logo.png\",\"contentUrl\":\"https:\\\/\\\/elbchai.com\\\/wp-content\\\/uploads\\\/2025\\\/02\\\/logo.png\",\"width\":408,\"height\":408,\"caption\":\"elbchai - Technology that fits you\"},\"image\":{\"@id\":\"https:\\\/\\\/elbchai.com\\\/#\\\/schema\\\/logo\\\/image\\\/\"},\"sameAs\":[\"https:\\\/\\\/www.linkedin.com\\\/company\\\/elbchai\"]}]}<\/script>\n<!-- \/ Yoast SEO plugin. -->","yoast_head_json":{"title":"elbChai - View Intranet and Digital Workplace Agencies","description":"View current Intranet and Digital Workplace agencies and select the most suitable agency for your framework conditions and technical setup.","robots":{"index":"index","follow":"follow","max-snippet":"max-snippet:-1","max-image-preview":"max-image-preview:large","max-video-preview":"max-video-preview:-1"},"canonical":"https:\/\/elbchai.com\/de\/view-agency-selection\/","og_locale":"de_DE","og_type":"article","og_title":"elbChai - View Intranet and Digital Workplace Agencies","og_description":"View current Intranet and Digital Workplace agencies and select the most suitable agency for your framework conditions and technical setup.","og_url":"https:\/\/elbchai.com\/de\/view-agency-selection\/","og_site_name":"elbchAI - Technology that fits you","article_modified_time":"2026-01-12T20:29:55+00:00","twitter_card":"summary_large_image","twitter_misc":{"Gesch\u00e4tzte Lesezeit":"4\u00a0Minuten"},"schema":{"@context":"https:\/\/schema.org","@graph":[{"@type":"WebPage","@id":"https:\/\/elbchai.com\/view-agency-selection\/","url":"https:\/\/elbchai.com\/view-agency-selection\/","name":"elbChai - View Intranet and Digital Workplace Agencies","isPartOf":{"@id":"https:\/\/elbchai.com\/#website"},"datePublished":"2025-02-24T11:32:01+00:00","dateModified":"2026-01-12T20:29:55+00:00","description":"View current Intranet and Digital Workplace agencies and select the most suitable agency for your framework conditions and technical setup.","breadcrumb":{"@id":"https:\/\/elbchai.com\/view-agency-selection\/#breadcrumb"},"inLanguage":"de","potentialAction":[{"@type":"ReadAction","target":["https:\/\/elbchai.com\/view-agency-selection\/"]}]},{"@type":"BreadcrumbList","@id":"https:\/\/elbchai.com\/view-agency-selection\/#breadcrumb","itemListElement":[{"@type":"ListItem","position":1,"name":"Home","item":"https:\/\/elbchai.com\/"},{"@type":"ListItem","position":2,"name":"View Agency Selection"}]},{"@type":"WebSite","@id":"https:\/\/elbchai.com\/#website","url":"https:\/\/elbchai.com\/","name":"elbchai - Technology that fits you","description":"","publisher":{"@id":"https:\/\/elbchai.com\/#organization"},"potentialAction":[{"@type":"SearchAction","target":{"@type":"EntryPoint","urlTemplate":"https:\/\/elbchai.com\/?s={search_term_string}"},"query-input":{"@type":"PropertyValueSpecification","valueRequired":true,"valueName":"search_term_string"}}],"inLanguage":"de"},{"@type":"Organization","@id":"https:\/\/elbchai.com\/#organization","name":"elbchai - Technology that fits you","url":"https:\/\/elbchai.com\/","logo":{"@type":"ImageObject","inLanguage":"de","@id":"https:\/\/elbchai.com\/#\/schema\/logo\/image\/","url":"https:\/\/elbchai.com\/wp-content\/uploads\/2025\/02\/logo.png","contentUrl":"https:\/\/elbchai.com\/wp-content\/uploads\/2025\/02\/logo.png","width":408,"height":408,"caption":"elbchai - Technology that fits you"},"image":{"@id":"https:\/\/elbchai.com\/#\/schema\/logo\/image\/"},"sameAs":["https:\/\/www.linkedin.com\/company\/elbchai"]}]}},"_links":{"self":[{"href":"https:\/\/elbchai.com\/de\/wp-json\/wp\/v2\/pages\/201","targetHints":{"allow":["GET"]}}],"collection":[{"href":"https:\/\/elbchai.com\/de\/wp-json\/wp\/v2\/pages"}],"about":[{"href":"https:\/\/elbchai.com\/de\/wp-json\/wp\/v2\/types\/page"}],"author":[{"embeddable":true,"href":"https:\/\/elbchai.com\/de\/wp-json\/wp\/v2\/users\/1"}],"replies":[{"embeddable":true,"href":"https:\/\/elbchai.com\/de\/wp-json\/wp\/v2\/comments?post=201"}],"version-history":[{"count":37,"href":"https:\/\/elbchai.com\/de\/wp-json\/wp\/v2\/pages\/201\/revisions"}],"predecessor-version":[{"id":746,"href":"https:\/\/elbchai.com\/de\/wp-json\/wp\/v2\/pages\/201\/revisions\/746"}],"wp:attachment":[{"href":"https:\/\/elbchai.com\/de\/wp-json\/wp\/v2\/media?parent=201"}],"curies":[{"name":"wp","href":"https:\/\/api.w.org\/{rel}","templated":true}]}}